{"id":234,"date":"2023-04-11T08:33:37","date_gmt":"2023-04-11T08:33:37","guid":{"rendered":"https:\/\/deporteadaptadoaragon.com\/?page_id=234"},"modified":"2023-04-11T08:50:24","modified_gmt":"2023-04-11T08:50:24","slug":"condiciones-generales","status":"publish","type":"page","link":"https:\/\/deporteadaptadoaragon.com\/index.php\/condiciones-generales\/","title":{"rendered":"CONDICIONES GENERALES"},"content":{"rendered":"<p>[et_pb_section fb_built=\u00bb1&#8243; _builder_version=\u00bb4.20.4&#8243; _module_preset=\u00bbdefault\u00bb global_colors_info=\u00bb{}\u00bb][et_pb_row column_structure=\u00bb1_2,1_2&#8243; _builder_version=\u00bb4.20.2&#8243; _module_preset=\u00bbdefault\u00bb custom_margin=\u00bb-49px|69px||auto||\u00bb custom_padding=\u00bb|0px|0px|0px||\u00bb global_module=\u00bb131&#8243; global_colors_info=\u00bb{}\u00bb][et_pb_column type=\u00bb1_2&#8243; _builder_version=\u00bb4.20.2&#8243; _module_preset=\u00bbdefault\u00bb global_colors_info=\u00bb{}\u00bb][\/et_pb_column][et_pb_column type=\u00bb1_2&#8243; _builder_version=\u00bb4.20.2&#8243; _module_preset=\u00bbdefault\u00bb global_colors_info=\u00bb{}\u00bb][et_pb_menu _builder_version=\u00bb4.20.2&#8243; _module_preset=\u00bbdefault\u00bb menu_font=\u00bb|700|||||||\u00bb background_color=\u00bbRGBA(255,255,255,0)\u00bb text_orientation=\u00bbright\u00bb custom_padding=\u00bb|0px||56px||\u00bb global_colors_info=\u00bb{}\u00bb][\/et_pb_menu][\/et_pb_column][\/et_pb_row][\/et_pb_section][et_pb_section fb_built=\u00bb1&#8243; _builder_version=\u00bb4.20.4&#8243; _module_preset=\u00bbdefault\u00bb global_colors_info=\u00bb{}\u00bb][et_pb_row _builder_version=\u00bb4.20.4&#8243; _module_preset=\u00bbdefault\u00bb global_colors_info=\u00bb{}\u00bb][et_pb_column type=\u00bb4_4&#8243; _builder_version=\u00bb4.20.4&#8243; _module_preset=\u00bbdefault\u00bb global_colors_info=\u00bb{}\u00bb][et_pb_text _builder_version=\u00bb4.20.4&#8243; _module_preset=\u00bbdefault\u00bb hover_enabled=\u00bb0&#8243; global_colors_info=\u00bb{}\u00bb sticky_enabled=\u00bb0&#8243;]<\/p>\n<header class=\"entry-header ast-no-thumbnail\">\n<h1 class=\"entry-title\" itemprop=\"headline\" style=\"text-align: center;\">CONDICIONES GENERALES<\/h1>\n<\/header>\n<div class=\"entry-content clear\" itemprop=\"text\">\n<div data-elementor-type=\"wp-page\" data-elementor-id=\"215\" class=\"elementor elementor-215\">\n<section class=\"elementor-section elementor-top-section elementor-element elementor-element-3b1a8cdd elementor-section-boxed elementor-section-height-default elementor-section-height-default\" data-id=\"3b1a8cdd\" data-element_type=\"section\">\n<div class=\"elementor-container elementor-column-gap-default\">\n<div class=\"elementor-column elementor-col-100 elementor-top-column elementor-element elementor-element-99a0fa7\" data-id=\"99a0fa7\" data-element_type=\"column\">\n<div class=\"elementor-widget-wrap elementor-element-populated\">\n<div class=\"elementor-element elementor-element-1543095 elementor-widget elementor-widget-text-editor\" data-id=\"1543095\" data-element_type=\"widget\" data-widget_type=\"text-editor.default\">\n<div class=\"elementor-widget-container\">\n<p>&nbsp;<\/p>\n<h2><u>Comunicaci\u00f3n de las condiciones o limitaciones de las personas participantes<\/u><\/h2>\n<p>&nbsp;<\/p>\n<p>&nbsp;<\/p>\n<p>Para poder participar en las actividades de turismo activo con Deporte Adaptado Valles de Arag\u00f3n (DAVA) el usuario participante debe hallarse en condiciones psicol\u00f3gicas y f\u00edsicas necesarias para la pr\u00e1ctica de estas actividades. No estar bajo los efectos de drogas, sustancias relajantes, excitantes o alucin\u00f3genas, que puedan afectar a la atenci\u00f3n y\/o la concentraci\u00f3n, y\/o puedan producir somnolencia. Adem\u00e1s, no padece v\u00e9rtigos ni miedo a la altura, ni estar embarazada o cualquiera otra limitaci\u00f3n para realizar esta actividad.<\/p>\n<p>&nbsp;<\/p>\n<h2><u><span>CONDICIONES<\/span><\/u><\/h2>\n<h2><u><span>Condiciones Generales y de Contrataci\u00f3n:<\/span><\/u><\/h2>\n<p>&nbsp;<\/p>\n<p>1.-Las actividades ofertadas est\u00e1n sujetas a las condiciones del medio en que se desarrollan y de las personas que participan, por lo que pueden sufrir cambios antes o incluso durante la actividad (meteorolog\u00eda, problemas f\u00edsicos de los participantes, etc.). En caso de anulaci\u00f3n de la actividad programada por parte de DAVA,\u00a0el cliente tendr\u00e1 derecho al aplazamiento, a la sustituci\u00f3n por otra actividad de su conformidad o a la devoluci\u00f3n del importe abonado.<\/p>\n<p>2.- El cliente que presenta alg\u00fan tipo de diversidad funcional, tiene la obligaci\u00f3n de someterse a una evaluaci\u00f3n f\u00edsica, cognitiva e informar de datos relevantes a su discapacidad, para que de esta forma desde DAVA podamos hacer una configurar del material necesario para desarrollar la actividad deportiva.<\/p>\n<p>3.- Los clientes deben informar a la empresa sobre posibles estados de gestaci\u00f3n o enfermedades cardiovasculares o de cualquier otra \u00edndole que pudieran afectar a la actividad antes de contratar cualquier actividad.<br \/>Asimismo se compromete a no estar bajo los efectos del alcohol, drogas y\/o estupefacientes, as\u00ed como cualquier otra medicaci\u00f3n que pueda incidir en su capacidades f\u00edsicas o mentales.<\/p>\n<p>Los menores de edad deber\u00e1n contar con autorizaci\u00f3n o estar acompa\u00f1ados por una persona responsable.<br \/>En todo caso, y especialmente para las actividades de nivel avanzado, DAVA podr\u00e1 optar por realizar una prueba previa y se reserva el derecho de admisi\u00f3n.<\/p>\n<p>4.- El compromiso de DAVA comienza con la actividad contratada, por lo que es responsabilidad del cliente su transporte hasta las instalaciones o hasta el lugar de inicio de la actividad, en su caso. El contrato y la responsabilidad de DAVA es exclusivamente al trabajo directo de sus t\u00e9cnicos y a la organizaci\u00f3n de la actividad.<\/p>\n<p>5.- Los precios son por persona e incluyen los servicios directos ofertados por DAVA, con IVA incluido. Salvo que se exprese literalmente lo contrario, la contrataci\u00f3n de los servicios externos (alojamiento, transporte,\u2026) ser\u00e1 a cargo del cliente, si bien para facilitar dichos servicios, en ocasiones pueden ser gestionados para transmitir la informaci\u00f3n, pero nunca contratados desde DAVA.<\/p>\n<p>6.- En el precio est\u00e1 incluido el material necesario, de esqu\u00ed adaptado, a excepci\u00f3n del material alpino. En cada ficha t\u00e9cnica se especifica el equipamiento necesario para cada actividad y programa.<\/p>\n<p>Seguros<br \/>7.- En el precio de los programas y actividades est\u00e1 incluido el seguro de asistencia con coberturas en casos de enfermedad y accidentes. Los servicios de alquiler de material y equipamiento (sin gu\u00eda), no cuentan con la cobertura del seguro de asistencia.<br \/><strong><span>Seguro de Accidentes:\u00a0<\/span><\/strong>Axa Seguros<br \/>As\u00ed mismo DAVA cuenta con la correspondiente P\u00f3liza de Responsabilidad Civil ante terceros dotada de las coberturas y cantidades exigidas por los decretos reguladores del sector.<br \/><strong><span>Seguro de Responsabilidad Civil:\u00a0<\/span><\/strong>LLOYD\u00b4s IBERIAN INSURANCE GROUP.<\/p>\n<p>La informaci\u00f3n completa sobre las condiciones y coberturas de los seguros est\u00e1 a disposici\u00f3n de los clientes\u00a0en el domicilio social de la empresa, y se enviar\u00e1 al que la solicite.<\/p>\n<p>8.- Para confirmar una reserva, el cliente deber\u00e1 abonar al menos el 25% del importe total una vez se le realice la evaluaci\u00f3n cognitiva y f\u00edsica.<br \/>La cantidad restante se abonar\u00e1 en la sede de DAVA, antes del comienzo de la actividad. En los programas y\/o actividades que por sus caracter\u00edsticas especiales conlleven la necesidad de modificar estos porcentajes se har\u00e1 constar expresamente en sus condiciones particulares.<\/p>\n<p>9.- El cliente podr\u00e1 desistir de los servicios solicitados o contratados, teniendo derecho a la devoluci\u00f3n de las cantidades abonadas, pero deber\u00e1 indemnizar a DAVA en las cuant\u00edas que a continuaci\u00f3n se indican:<br \/>\u2013 Abonar\u00e1 los gastos de gesti\u00f3n (25\u20ac por evaluaci\u00f3n del alumno), los de anulaci\u00f3n si los hay, y una penalizaci\u00f3n consistente en el 10% del importe total de la reserva.<br \/>\u2013 La no presentaci\u00f3n en la fecha y hora indicadas, implicar\u00e1 la obligaci\u00f3n por parte del cliente del pago del importe total de la reserva.<\/p>\n<p>10.- Desde la confirmaci\u00f3n de la reserva, el cliente asumir\u00e1 de modo expreso la totalidad de las presentes Condiciones Generales. En el caso de que una persona inscriba a otra\/s, asume en su\/s nombre\/s todas y cada una de estas Condiciones Generales.<\/p>\n<p>&nbsp;<\/p>\n<p><u>CL\u00c1USULA EN LOS FORMULARIOS DE RECOGIDA DE DATOS (FACTURAS, PRESUPUESTOS, INSCRIPCIONES, ETC.)<\/u><\/p>\n<p>Los datos de car\u00e1cter personal facilitados ser\u00e1n tratados por \u00c1ngel Garc\u00eda Ezpeleta con NIF 72892870M de acuerdo con lo dispuesto en el Reglamento (UE) 2016\/679 del Parlamento Europeo y del Consejo, de 27 de abril de 2016, relativo a la protecci\u00f3n de las personas f\u00edsicas en lo que respecta al tratamiento de datos personales y a la libre circulaci\u00f3n de los mismos.<\/p>\n<p>Los datos facilitados ser\u00e1n tratados por el tiempo necesario para el cumplimiento de las finalidades objeto de tratamiento, mientras no se oponga al mismo y por el tiempo necesario para el cumplimiento de las obligaciones legales del responsable.<\/p>\n<p>Los datos no ser\u00e1n cedidos ni comunicados a terceros, salvo en los supuestos legalmente establecidos.<\/p>\n<p>Le recordamos que tiene derecho a ejercer los derechos de acceso, rectificaci\u00f3n, cancelaci\u00f3n, limitaci\u00f3n, oposici\u00f3n y portabilidad de manera gratuita mediante correo electr\u00f3nico a: info@deporteadaptadoaragon.es o bien en la siguiente direcci\u00f3n: C\/ Escalar, 3, Edificio Casa Ast\u00fan, Piso 0, S\/N, 22889 \u2013 Ast\u00fan (Huesca) y de solicitar la tutela de la Agencia Espa\u00f1ola de Protecci\u00f3n de datos en www.aepd.es<\/p>\n<h3><b><u><span>Modelo contrato con cliente<\/span><\/u><\/b><\/h3>\n<p><b><u><span>Cl\u00e1usula de informaci\u00f3n<\/span><\/u><\/b><\/p>\n<p><span>Estimado cliente por medio de la presente y de acuerdo al Reglamento General de Protecci\u00f3n de Datos relativo a la protecci\u00f3n de las personas f\u00edsicas en lo que respecta al tratamiento de datos personales y a la libre circulaci\u00f3n de estos datos (RGPD), le facilitamos la siguiente informaci\u00f3n detallada del tratamiento de datos personales:<\/span><\/p>\n<p><b><span>Responsable del tratamiento:<\/span><\/b><\/p>\n<p><span>Sus datos pasar\u00e1n a formar parte de un fichero titularidad de \u00c1ngel Garc\u00eda Ezpeleta, con CIF\/NIF n\u00ba:\u00a0 72892870M y domicilio social en: C\/ Escalar, 3, Edificio Casa Ast\u00fan, Piso 0, S\/N, 22889 \u2013 Ast\u00fan (Huesca).<\/span><\/p>\n<p><b><span>Finalidad del tratamiento:<\/span><\/b><\/p>\n<p><span>Desarrollar y cumplir con las obligaciones previstas en el contrato, o relaci\u00f3n jur\u00eddico-negocial, que le vincula con \u00c1ngel Garc\u00eda Ezpeleta.<\/span><\/p>\n<p><b><span>Conservaci\u00f3n de datos:<\/span><\/b><\/p>\n<p><span>Sus datos ser\u00e1n conservados durante el periodo de m\u00ednimo de cinco a\u00f1os.<\/span><\/p>\n<p><b><span>Legitimaci\u00f3n:<\/span><\/b><\/p>\n<p><span>La legitimaci\u00f3n para la recogida de sus datos se basa en el contrato suscrito o en su relaci\u00f3n jur\u00eddico-negocial con \u00c1ngel Garc\u00eda Ezpeleta.<\/span><\/p>\n<p><b><span>Destinatarios:<\/span><\/b><\/p>\n<p><span>Sus datos no ser\u00e1n cedidos para otras finalidades distintas a las anteriormente descritas, salvo obligaci\u00f3n legal, si bien podr\u00e1n ser transmitidos a los proveedores de servicios que est\u00e9n vinculados por contrato encargo de tratamiento con \u00c1ngel Garc\u00eda Ezpeleta.<\/span><\/p>\n<p><b><span>Derechos:<\/span><\/b><\/p>\n<p><span>Puede ejercer sus derechos de acceso, rectificaci\u00f3n, cancelaci\u00f3n, limitaci\u00f3n, portabilidad y oposici\u00f3n al tratamiento de sus datos cuando se den determinadas circunstancias, en cuyo caso \u00fanicamente ser\u00e1n conservados para el cumplimiento de las obligaciones legalmente previstas.<\/span><\/p>\n<p><span>Para ejercer los derechos anteriormente descritos deber\u00e1 dirigirse a \u00c1ngel Garc\u00eda Ezpeleta, con CIF\/NIF n\u00ba:\u00a0\u00a0\u00a0 72892870M y domicilio social en: C\/ Escalar, 3, Edificio Casa Ast\u00fan, Piso 0, S\/N, 22889 \u2013 Ast\u00fan (Huesca).<\/span><\/p>\n<p><span>De igual modo, le informamos de que la Agencia Espa\u00f1ola de Protecci\u00f3n de Datos es el \u00f3rgano competente destinado a la tutela de estos derechos.<\/span><\/p>\n<p><span>Con la finalidad de mantener actualizados los datos, el cliente deber\u00e1 comunicar cualquier cambio que se produzca sobre los mismos.<\/span><\/p>\n<p>&nbsp;<\/p>\n<p>&nbsp;<\/p>\n<h2><strong>PROTOCOLO ACCIDENTES D.A.V.A<\/strong><strong>\u00a0<\/strong><\/h2>\n<p>&nbsp;<\/p>\n<p>&nbsp;<\/p>\n<p>En caso de accidente en el transcurso de la clase particular o cursillo, el mismo d\u00eda del accidente, el alumno o tutor debe recoger en el centro m\u00e9dico de la estaci\u00f3n el \u201cINFORME\u00a0 ASISTENCIAL\u201d, \u00edntegramente cumplimentado.\u00a0<\/p>\n<p>Todos los forfaits que se adquieren para realizar clases de esqu\u00ed con la entidad deportiva DAVA tienen la obligatoriedad de contratar el seguro de asistencia sanitaria (+3,5\u20ac), a excepci\u00f3n de los abonos de temporada (anual), consistente en la evacuaci\u00f3n de las pistas hasta el botiqu\u00edn\u00a0 de la estaci\u00f3n, las intervenciones que se realicen en el botiqu\u00edn, y el traslado a centro\u00a0 hospitalario si fuese necesario.\u00a0<\/p>\n<p>Si su forfait es de temporada (anual), y dispone del seguro SPAINSNOW (Real Federaci\u00f3n Espa\u00f1ola de Deportes de Invierno) deber\u00e1 dar parte del siniestro el mismo d\u00eda del siniestro y\u00a0 aportando el \u201cINFORME ASISTENCIAL\u201d y cualquier otra documentaci\u00f3n que le requieran. Mas\u00a0 informaci\u00f3n en www.spainsnow.es\u00a0<\/p>\n<p>Si su forfait es de temporada (anual), y dispone de la de la tarjeta de federado en DEPORTES DE INVIERNO, proceda seg\u00fan las instrucciones que figuran en el protocolo de actuaci\u00f3n en\u00a0 caso de accidente de la federaci\u00f3n auton\u00f3mica pertinente.\u00a0<\/p>\n<p>Si no dispone de seguro SPAINSNOW (Real Federaci\u00f3n Espa\u00f1ola de Deportes de Invierno), ni\u00a0 de tarjeta federativa, el accidentado o tutor debe dirigirse a nuestra oficina en Ast\u00fan (Calle escalar n\u00ba3, Edificio casa Ast\u00fan subsuelo s\/n) y entregar el \u201cINFORME ASISTENCIAL\u201d debidamente cumplimentado y el mismo d\u00eda del siniestro, para que desde el centro deportivo\u00a0 DAVA se pueda remitir a la aseguradora en los plazos exigidos por \u00e9sta \u00faltima (10d\u00edas).\u00a0<\/p>\n<p>No se aceptar\u00e1 ning\u00fan \u201cINFORME ASISTENCIAL\u201d que no este, \u00edntegramente cumplimentado, con todos los detalles del siniestro, o entregado fuera del plazo previsto.\u00a0<\/p>\n<p>El centro deportivo Deporte Adaptado Valles de Arag\u00f3n se limitar\u00e1 exclusivamente a las\u00a0 coberturas previstas en el Decreto Legislativo 1\/2016, de 26 de julio, del Gobierno de Arag\u00f3n, de la Ley de Turismo de Arag\u00f3n. El alumno o titular deber\u00e1 hacerse cargo de todos los gastos\u00a0 de asistencia, para posteriormente poder reclam\u00e1rselos a la aseguradora. Es importante que\u00a0 todas las facturas de asistencia se emitan a nombre del alumno, o en caso de menores, del\u00a0 tutor.\u00a0<\/p>\n<p>En caso de duda, ponte en contacto con nosotros en cualquiera de las formas de contacto que\u00a0 aparecen a continuaci\u00f3n. Por tratarse de una situaci\u00f3n que puede requerir atenci\u00f3n inmediata,\u00a0 utiliza los tel\u00e9fonos de contacto como primera opci\u00f3n para poder ser atendido\/a con la mayor\u00a0 brevedad.\u00a0<\/p>\n<p>DAVA\u00a0\u00a0<\/p>\n<p>Tel\u00e9fonos: 609554372 \/ 633410593\u00a0<\/p>\n<p>Direcci\u00f3n: Calle escalar n\u00ba3, Edificio casa Ast\u00fan subsuelo s\/n, Ast\u00fan C.P:22889 Huesca. Email: info@deporteadaptadoaragon.es<\/p>\n<p>Desc\u00e1rgate aqu\u00ed el documento de Protocolo de accidentes<\/p>\n<p><a href=\"https:\/\/deporteadaptadoaragon.com\/wp-content\/uploads\/2023\/04\/PROTOCOLO-ACCIDENTES.pdf\" target=\"_blank\" rel=\"noopener noreferrer\" title=\"PROTOCOLO ACCIDENTES\">PROTOCOLO ACCIDENTES<\/a><span>\u00a0<\/span>DAVA<\/p>\n<\/div>\n<\/div>\n<\/div>\n<\/div>\n<\/div>\n<\/section>\n<\/div>\n<\/div>\n<p>[\/et_pb_text][\/et_pb_column][\/et_pb_row][\/et_pb_section][et_pb_section fb_built=\u00bb1&#8243; _builder_version=\u00bb4.20.4&#8243; _module_preset=\u00bbdefault\u00bb global_colors_info=\u00bb{}\u00bb][et_pb_row column_structure=\u00bb1_3,1_3,1_3&#8243; _builder_version=\u00bb4.16&#8243; global_module=\u00bb116&#8243; global_colors_info=\u00bb{}\u00bb][et_pb_column type=\u00bb1_3&#8243; _builder_version=\u00bb4.16&#8243; global_colors_info=\u00bb{}\u00bb][et_pb_text _builder_version=\u00bb4.20.4&#8243; text_font=\u00bbMontserrat||||||||\u00bb text_text_color=\u00bb#000000&#8243; text_font_size=\u00bb16px\u00bb text_line_height=\u00bb1.8em\u00bb header_4_font=\u00bbMontserrat|700|||||||\u00bb header_4_line_height=\u00bb1.8em\u00bb hover_enabled=\u00bb0&#8243; text_font_size_tablet=\u00bb15px\u00bb text_font_size_phone=\u00bb14px\u00bb text_font_size_last_edited=\u00bbon|phone\u00bb global_colors_info=\u00bb{}\u00bb sticky_enabled=\u00bb0&#8243;]<\/p>\n<ul id=\"astra-footer-menu\" class=\"ast-nav-menu ast-flex astra-footer-vertical-menu astra-footer-tablet-vertical-menu astra-footer-mobile-vertical-menu\">\n<li id=\"menu-item-209\" class=\"menu-item menu-item-type-post_type menu-item-object-page menu-item-209\"><span style=\"color: #000000;\"><a href=\"https:\/\/deporteadaptadoaragon.com\/index.php\/aviso-legal\/\" class=\"menu-link\" style=\"color: #000000;\" target=\"_blank\" rel=\"noopener\" title=\"Aviso legal\">Aviso legal<\/a><\/span><\/li>\n<li id=\"menu-item-210\" class=\"menu-item menu-item-type-post_type menu-item-object-page menu-item-210\"><span style=\"color: #000000;\"><a href=\"https:\/\/deporteadaptadoaragon.com\/index.php\/politica-de-cookies\/\" class=\"menu-link\" style=\"color: #000000;\" target=\"_blank\" rel=\"noopener\" title=\"Pol\u00edtica de Cookies\">Pol\u00edtica de Cookies<\/a><\/span><\/li>\n<li id=\"menu-item-211\" class=\"menu-item menu-item-type-post_type menu-item-object-page menu-item-privacy-policy menu-item-211\"><span style=\"color: #000000;\"><a href=\"https:\/\/deporteadaptadoaragon.com\/index.php\/politica-de-privacidad\/\" class=\"menu-link\" style=\"color: #000000;\" target=\"_blank\" rel=\"noopener\" title=\"Pol\u00edtica de privacidad\">Pol\u00edtica de privacidad<\/a><\/span><\/li>\n<li id=\"menu-item-230\" class=\"menu-item menu-item-type-post_type menu-item-object-page menu-item-230\"><span style=\"color: #000000;\"><a href=\"https:\/\/deporteadaptadoaragon.com\/index.php\/condiciones-generales\/\" class=\"menu-link\" style=\"color: #000000;\" target=\"_blank\" rel=\"noopener\" title=\"CONDICIONES GENERALES\">CONDICIONES GENERALES<\/a><\/span><\/li>\n<\/ul>\n<p>[\/et_pb_text][\/et_pb_column][et_pb_column type=\u00bb1_3&#8243; _builder_version=\u00bb4.16&#8243; global_colors_info=\u00bb{}\u00bb][et_pb_text _builder_version=\u00bb4.20.2&#8243; text_font=\u00bbMontserrat||||||||\u00bb text_font_size=\u00bb16px\u00bb text_line_height=\u00bb1.8em\u00bb header_4_font=\u00bbMontserrat|700|||||||\u00bb header_4_line_height=\u00bb1.8em\u00bb custom_padding=\u00bb|13px||||\u00bb text_font_size_tablet=\u00bb15px\u00bb text_font_size_phone=\u00bb14px\u00bb text_font_size_last_edited=\u00bbon|phone\u00bb locked=\u00bboff\u00bb global_colors_info=\u00bb{}\u00bb]<\/p>\n<div class=\"footer-widget-area widget-area site-footer-focus-item ast-footer-html-2\" data-section=\"section-fb-html-2\">\n<div class=\"ast-header-html inner-link-style-\">\n<div class=\"ast-builder-html-element\">\n<p><span>Edificio Casa Ast\u00fan\u00a0Calle Escalar n\u00ba3 subsuelo s\/n<\/span><br \/><span>info@deporteadaptadoaragon.es<\/span><br \/><span>+34 633 410 593<\/span><\/p>\n<\/div>\n<\/div>\n<\/div>\n<div class=\"ast-builder-layout-element ast-flex site-footer-focus-item ast-footer-copyright\" data-section=\"section-footer-builder\">\n<div class=\"ast-footer-copyright\"><\/div>\n<\/div>\n<p>[\/et_pb_text][\/et_pb_column][et_pb_column type=\u00bb1_3&#8243; _builder_version=\u00bb4.16&#8243; global_colors_info=\u00bb{}\u00bb][et_pb_social_media_follow icon_color=\u00bb#000000&#8243; use_icon_font_size=\u00bbon\u00bb icon_font_size=\u00bb31px\u00bb _builder_version=\u00bb4.20.2&#8243; custom_margin=\u00bb||6px|||\u00bb global_colors_info=\u00bb{}\u00bb][et_pb_social_media_follow_network social_network=\u00bbinstagram\u00bb url=\u00bbhttps:\/\/www.instagram.com\/deporteadaptadoaragon\/\u00bb _builder_version=\u00bb4.20.2&#8243; background_color=\u00bb#ea2c59&#8243; background_enable_color=\u00bboff\u00bb hover_enabled=\u00bb0&#8243; global_colors_info=\u00bb{}\u00bb follow_button=\u00bboff\u00bb url_new_window=\u00bbon\u00bb sticky_enabled=\u00bb0&#8243;]instagram[\/et_pb_social_media_follow_network][et_pb_social_media_follow_network social_network=\u00bbwhatsapp\u00bb url=\u00bbhttps:\/\/api.whatsapp.com\/send?phone=https:\/\/api.whatsapp.com\/send?phone=34633410593&#038;text=Hola!%20Somos%20DAVA,%20%C2%BFen%20que%20podemos%20ayudarte?\u00bb _builder_version=\u00bb4.20.2&#8243; _module_preset=\u00bbdefault\u00bb background_color=\u00bb#ea2c59&#8243; background_enable_color=\u00bboff\u00bb global_colors_info=\u00bb{}\u00bb follow_button=\u00bboff\u00bb url_new_window=\u00bbon\u00bb]whatsapp[\/et_pb_social_media_follow_network][\/et_pb_social_media_follow][et_pb_text _builder_version=\u00bb4.20.2&#8243; header_4_font=\u00bbMontserrat|700|||||||\u00bb header_4_line_height=\u00bb1.8em\u00bb custom_margin=\u00bb||0px||false|false\u00bb custom_padding=\u00bb3px||3px|||\u00bb locked=\u00bboff\u00bb global_colors_info=\u00bb{}\u00bb]<\/p>\n<p>Dise\u00f1o <span style=\"color: #000000;\"><a href=\"https:\/\/www.aradat.com\" target=\"_blank\" rel=\"noopener\" title=\"Aradat siustemas\" style=\"color: #000000;\">Aaradat Sistemas<\/a><\/span><\/p>\n<p>[\/et_pb_text][\/et_pb_column][\/et_pb_row][\/et_pb_section]<\/p>\n","protected":false},"excerpt":{"rendered":"<p>CONDICIONES GENERALES &nbsp; Comunicaci\u00f3n de las condiciones o limitaciones de las personas participantes &nbsp; &nbsp; Para poder participar en las actividades de turismo activo con Deporte Adaptado Valles de Arag\u00f3n (DAVA) el usuario participante debe hallarse en condiciones psicol\u00f3gicas y f\u00edsicas necesarias para la pr\u00e1ctica de estas actividades. No estar bajo los efectos de drogas, [&hellip;]<\/p>\n","protected":false},"author":1,"featured_media":0,"parent":0,"menu_order":0,"comment_status":"closed","ping_status":"closed","template":"page-template-blank.php","meta":{"_et_pb_use_builder":"on","_et_pb_old_content":"","_et_gb_content_width":"","footnotes":""},"class_list":["post-234","page","type-page","status-publish","hentry"],"_links":{"self":[{"href":"https:\/\/deporteadaptadoaragon.com\/index.php\/wp-json\/wp\/v2\/pages\/234","targetHints":{"allow":["GET"]}}],"collection":[{"href":"https:\/\/deporteadaptadoaragon.com\/index.php\/wp-json\/wp\/v2\/pages"}],"about":[{"href":"https:\/\/deporteadaptadoaragon.com\/index.php\/wp-json\/wp\/v2\/types\/page"}],"author":[{"embeddable":true,"href":"https:\/\/deporteadaptadoaragon.com\/index.php\/wp-json\/wp\/v2\/users\/1"}],"replies":[{"embeddable":true,"href":"https:\/\/deporteadaptadoaragon.com\/index.php\/wp-json\/wp\/v2\/comments?post=234"}],"version-history":[{"count":4,"href":"https:\/\/deporteadaptadoaragon.com\/index.php\/wp-json\/wp\/v2\/pages\/234\/revisions"}],"predecessor-version":[{"id":242,"href":"https:\/\/deporteadaptadoaragon.com\/index.php\/wp-json\/wp\/v2\/pages\/234\/revisions\/242"}],"wp:attachment":[{"href":"https:\/\/deporteadaptadoaragon.com\/index.php\/wp-json\/wp\/v2\/media?parent=234"}],"curies":[{"name":"wp","href":"https:\/\/api.w.org\/{rel}","templated":true}]}}